{"id":594,"date":"2017-11-05T21:17:38","date_gmt":"2017-11-05T20:17:38","guid":{"rendered":"http:\/\/klausboegel.de\/?page_id=594"},"modified":"2023-07-27T12:04:12","modified_gmt":"2023-07-27T10:04:12","slug":"contact","status":"publish","type":"page","link":"https:\/\/www.benjamin-novalis.de\/en\/contact\/","title":{"rendered":"Contact"},"content":{"rendered":"\n<figure class=\"wp-block-image size-thumbnail is-resized is-style-rounded wp-duotone-c7005a-fff278-1\"><img decoding=\"async\" src=\"https:\/\/www.benjamin-novalis.de\/wp-content\/uploads\/2022\/01\/Kontaktbild-1024x683-1-300x300.jpg\" alt=\"\" class=\"wp-image-2184\" width=\"171\" height=\"171\"\/><\/figure>\n<p>\n \t \t \t \t \t<link href=\"\/\/cdn-images.mailchimp.com\/embedcode\/classic-10_7.css\" rel=\"stylesheet\" type=\"text\/css\">\n<style type=\"text\/css\">\n\t#mc_embed_signup{background:#fff;clear:left;font:14px 'metaplusnormal-romanregular'}<br \/>\n\t\/* Add your own Mailchimp form style overrides in your site stylesheet or in this style block.<br \/>\n\t We recommend moving this block and the preceding CSS link to the HEAD of your HTML file. *\/<\/p>\n<\/style>\n<div id=\"mc_embed_signup\">\n<form action=\"https:\/\/benjamin-novalis.us18.list-manage.com\/subscribe\/post?u=0db187ea03108b5634d74c756&amp;id=0c0fd4d28a\" method=\"post\" id=\"mc-embedded-subscribe-form\" name=\"mc-embedded-subscribe-form\" class=\"validate\" target=\"_blank\" novalidate=\"\">\n<div id=\"mc_embed_signup_scroll\">\n<h2>Subscribe to our mailing list<\/h2>\n<div class=\"mc-field-group\">\n\t<label for=\"mce-EMAIL\">Email Adresse|Email Address <\/label><br \/>\n<input type=\"email\" value=\"\" name=\"EMAIL\" class=\"required email\" id=\"mce-EMAIL\"><\/div>\n<div class=\"mc-field-group\">\n\t<label for=\"mce-FNAME\">Vorname|First Name <\/label><br \/>\n<input type=\"text\" value=\"\" name=\"FNAME\" class=\"\" id=\"mce-FNAME\"><\/div>\n<div class=\"mc-field-group\">\n\t<label for=\"mce-LNAME\">Nachname|Last Name <\/label><br \/>\n<input type=\"text\" value=\"\" name=\"LNAME\" class=\"\" id=\"mce-LNAME\"><\/div>\n<div id=\"mce-responses\" class=\"clear\">\n<div class=\"response\" id=\"mce-error-response\" style=\"display:none\"><\/div>\n<div class=\"response\" id=\"mce-success-response\" style=\"display:none\"><\/div>\n<\/div>\n<p><\/p>\n<div style=\"position: absolute; left: -5000px;\" aria-hidden=\"true\"><input type=\"text\" name=\"b_0db187ea03108b5634d74c756_0c0fd4d28a\" tabindex=\"-1\" value=\"\"><\/div>\n<div class=\"clear\"><input type=\"submit\" value=\"Subscribe\" name=\"subscribe\" id=\"mc-embedded-subscribe\" class=\"button\"><\/div>\n<\/div>\n<\/form>\n<\/div>\n<p><script type=\"text\/javascript\" src=\"\/\/s3.amazonaws.com\/downloads.mailchimp.com\/js\/mc-validate.js\"><\/script><script type=\"text\/javascript\">(function($) {window.fnames = new Array(); window.ftypes = new Array();fnames[0]='EMAIL';ftypes[0]='email';fnames[1]='FNAME';ftypes[1]='text';fnames[2]='LNAME';ftypes[2]='text';fnames[3]='ADDRESS';ftypes[3]='address';fnames[4]='PHONE';ftypes[4]='phone';}(jQuery));var $mcj = jQuery.noConflict(true);<\/script><br \/>\n<\/p>\n<h2>Kontakt<\/h2>\n<p>Bitte achten Sie vor dem Versenden darauf, s\u00e4mtliche Felder korrekt und vollst\u00e4ndig auszuf\u00fcllen. Vielen Dank.<\/p>\n\n<div class=\"wpcf7 no-js\" id=\"wpcf7-f14-o1\" lang=\"de-DE\" dir=\"ltr\" data-wpcf7-id=\"14\">\n<div class=\"screen-reader-response\"><p role=\"status\" aria-live=\"polite\" aria-atomic=\"true\"><\/p> <ul><\/ul><\/div>\n<form action=\"\/en\/wp-json\/wp\/v2\/pages\/594#wpcf7-f14-o1\" method=\"post\" class=\"wpcf7-form init\" aria-label=\"Kontaktformular\" novalidate=\"novalidate\" data-status=\"init\">\n<div style=\"display: none;\">\n<input type=\"hidden\" name=\"_wpcf7\" value=\"14\" \/>\n<input type=\"hidden\" name=\"_wpcf7_version\" value=\"6.0.3\" \/>\n<input type=\"hidden\" name=\"_wpcf7_locale\" value=\"de_DE\" \/>\n<input type=\"hidden\" name=\"_wpcf7_unit_tag\" value=\"wpcf7-f14-o1\" \/>\n<input type=\"hidden\" name=\"_wpcf7_container_post\" value=\"0\" \/>\n<input type=\"hidden\" name=\"_wpcf7_posted_data_hash\" value=\"\" \/>\n<\/div>\n<div class=\"grid-x padding-x\">\n\t<div class=\"small-12 medium-6 cell your-name\">\n\t\t<p><span class=\"wpcf7-form-control-wrap\" data-name=\"your-name\"><input size=\"40\" maxlength=\"400\" class=\"wpcf7-form-control wpcf7-text wpcf7-validates-as-required\" aria-required=\"true\" aria-invalid=\"false\" placeholder=\"Name*\" value=\"\" type=\"text\" name=\"your-name\" \/><\/span>\n\t\t<\/p>\n\t<\/div>\n\t<div class=\"small-12 medium-6 cell your-email\">\n\t\t<p><span class=\"wpcf7-form-control-wrap\" data-name=\"your-email\"><input size=\"40\" maxlength=\"400\" class=\"wpcf7-form-control wpcf7-email wpcf7-validates-as-required wpcf7-text wpcf7-validates-as-email\" aria-required=\"true\" aria-invalid=\"false\" placeholder=\"E-Mail-Adresse*\" value=\"\" type=\"email\" name=\"your-email\" \/><\/span>\n\t\t<\/p>\n\t<\/div>\n<\/div>\n<div class=\"grid-x padding-x\">\n\t<div class=\"small-12 cell message\">\n\t\t<p><span class=\"wpcf7-form-control-wrap\" data-name=\"your-message\"><textarea cols=\"40\" rows=\"10\" maxlength=\"2000\" class=\"wpcf7-form-control wpcf7-textarea\" aria-invalid=\"false\" placeholder=\"Nachricht*\" name=\"your-message\"><\/textarea><\/span>\n\t\t<\/p>\n\t<\/div>\n<\/div>\n<div class=\"grid-x padding-x\">\n\t<div class=\"small-12 cell\">\n\t\t<p><span class=\"wpcf7-form-control-wrap\" data-name=\"checkbox-655\"><span class=\"wpcf7-form-control wpcf7-checkbox wpcf7-validates-as-required\"><span class=\"wpcf7-list-item first last\"><input type=\"checkbox\" name=\"checkbox-655[]\" value=\"\" \/><span class=\"wpcf7-list-item-label\"><\/span><\/span><\/span><\/span><small>Hiermit best\u00e4tige ich meine <a href=\"\/datenschutz\" target=\"_blank\">Datenschutzrichtlinien<\/a> zur Kenntnis genommen zu haben.<\/small>\n\t\t<\/p>\n\t<\/div>\n<\/div>\n<div class=\"grid-x padding-x\">\n\t<div class=\"small-12 medium-3 cell\">\n\t\t<p><span class=\"capt\"><small>Sicherheitsabfrage-Code:*<\/small><\/span><input type=\"hidden\" name=\"_wpcf7_captcha_challenge_captcha-777\" value=\"3071332890\" \/><img decoding=\"async\" class=\"wpcf7-form-control wpcf7-captchac wpcf7-captcha-captcha-777 kb\" id=\"1\" width=\"60\" height=\"20\" alt=\"captcha\" src=\"https:\/\/www.benjamin-novalis.de\/wp-content\/uploads\/wpcf7_captcha\/3071332890.png\" \/><br \/>\n<span class=\"wpcf7-form-control-wrap\" data-name=\"captcha-777\"><input size=\"40\" class=\"wpcf7-form-control wpcf7-captchar\" autocomplete=\"off\" aria-invalid=\"false\" value=\"\" type=\"text\" name=\"captcha-777\" \/><\/span>\n\t\t<\/p>\n\t<\/div>\n<\/div>\n<div class=\"grid-x padding-x\">\n\t<div class=\"small-12 medium-3 cell\">\n\t\t<p><input class=\"wpcf7-form-control wpcf7-submit has-spinner button\" type=\"submit\" value=\"ABSCHICKEN\" \/>\n\t\t<\/p>\n\t<\/div>\n<\/div>\n<div class=\"grid-x padding-x\">\n\t<div class=\"small-12 medium-3 cell\">\n\t\t<p><small>*Pflichtfelder<\/small>\n\t\t<\/p>\n\t<\/div>\n<\/div><div class=\"wpcf7-response-output\" aria-hidden=\"true\"><\/div>\n<\/form>\n<\/div>\n\n\t\t<div id=\"instagram-gallery-feed-0\" class=\"instagram-gallery-feed\" data-feed=\"{&quot;limit&quot;:20,&quot;columns&quot;:4,&quot;resolution&quot;:&quot;small&quot;,&quot;lazy&quot;:true,&quot;profile&quot;:{&quot;auto&quot;:false,&quot;username&quot;:&quot;&quot;,&quot;website&quot;:&quot;&quot;,&quot;biography&quot;:&quot;&quot;,&quot;name&quot;:&quot;benjamin-novalis&quot;,&quot;followers_count&quot;:0,&quot;media_count&quot;:0,&quot;link&quot;:&quot;&quot;,&quot;profile_picture_url&quot;:&quot;&quot;},&quot;mask&quot;:{&quot;display&quot;:true,&quot;background&quot;:&quot;#fcb900&quot;,&quot;likes&quot;:false,&quot;comments&quot;:false},&quot;button&quot;:{&quot;display&quot;:true,&quot;text&quot;:&quot;View on Instagram&quot;,&quot;background&quot;:&quot;#abb8c3&quot;,&quot;background_hover&quot;:&quot;#fcb900&quot;},&quot;account_id&quot;:&quot;5088487854506088&quot;,&quot;id&quot;:0,&quot;source&quot;:&quot;username&quot;,&quot;tag&quot;:&quot;WordPress&quot;,&quot;order_by&quot;:&quot;top_media&quot;,&quot;layout&quot;:&quot;gallery&quot;,&quot;spacing&quot;:10,&quot;highlight&quot;:{&quot;tag&quot;:&quot;&quot;,&quot;id&quot;:&quot;&quot;,&quot;position&quot;:&quot;1,3,5&quot;},&quot;reel&quot;:{&quot;hide&quot;:false},&quot;copyright&quot;:{&quot;hide&quot;:false,&quot;placeholder&quot;:&quot;&quot;},&quot;box&quot;:{&quot;display&quot;:false,&quot;padding&quot;:1,&quot;radius&quot;:0,&quot;background&quot;:&quot;#fefefe&quot;,&quot;profile&quot;:false,&quot;desc&quot;:&quot;&quot;,&quot;text_color&quot;:&quot;#000000&quot;},&quot;card&quot;:{&quot;display&quot;:false,&quot;radius&quot;:1,&quot;font_size&quot;:12,&quot;background&quot;:&quot;#ffffff&quot;,&quot;background_hover&quot;:&quot;#ffffff&quot;,&quot;text_color&quot;:&quot;#000000&quot;,&quot;padding&quot;:5,&quot;likes_count&quot;:true,&quot;text_length&quot;:10,&quot;comments_count&quot;:true,&quot;text_align&quot;:&quot;left&quot;},&quot;carousel&quot;:{&quot;slidespv&quot;:5,&quot;centered_slides&quot;:false,&quot;autoplay&quot;:false,&quot;autoplay_interval&quot;:3000,&quot;navarrows&quot;:true,&quot;navarrows_color&quot;:&quot;&quot;,&quot;pagination&quot;:true,&quot;pagination_color&quot;:&quot;&quot;},&quot;modal&quot;:{&quot;display&quot;:true,&quot;profile&quot;:true,&quot;media_description&quot;:true,&quot;likes_count&quot;:true,&quot;comments_count&quot;:true,&quot;text_align&quot;:&quot;left&quot;,&quot;modal_align&quot;:&quot;right&quot;,&quot;text_length&quot;:10000,&quot;font_size&quot;:12},&quot;button_load&quot;:{&quot;display&quot;:false,&quot;text&quot;:&quot;Load more...&quot;,&quot;text_color&quot;:&quot;#ffff&quot;,&quot;background&quot;:&quot;&quot;,&quot;background_hover&quot;:&quot;&quot;}}\">\n\t\t\n\t\t<\/div>\n\t\t","protected":false},"excerpt":{"rendered":"<p>Kontakt Bitte achten Sie vor dem Versenden darauf, s\u00e4mtliche Felder korrekt und vollst\u00e4ndig auszuf\u00fcllen. Vielen Dank.<\/p>\n","protected":false},"author":2,"featured_media":0,"parent":0,"menu_order":0,"comment_status":"closed","ping_status":"closed","template":"page-templates\/page-full-width.php","meta":{"footnotes":""},"class_list":["post-594","page","type-page","status-publish","hentry"],"acf":[],"_links":{"self":[{"href":"https:\/\/www.benjamin-novalis.de\/en\/wp-json\/wp\/v2\/pages\/594","targetHints":{"allow":["GET"]}}],"collection":[{"href":"https:\/\/www.benjamin-novalis.de\/en\/wp-json\/wp\/v2\/pages"}],"about":[{"href":"https:\/\/www.benjamin-novalis.de\/en\/wp-json\/wp\/v2\/types\/page"}],"author":[{"embeddable":true,"href":"https:\/\/www.benjamin-novalis.de\/en\/wp-json\/wp\/v2\/users\/2"}],"replies":[{"embeddable":true,"href":"https:\/\/www.benjamin-novalis.de\/en\/wp-json\/wp\/v2\/comments?post=594"}],"version-history":[{"count":11,"href":"https:\/\/www.benjamin-novalis.de\/en\/wp-json\/wp\/v2\/pages\/594\/revisions"}],"predecessor-version":[{"id":2772,"href":"https:\/\/www.benjamin-novalis.de\/en\/wp-json\/wp\/v2\/pages\/594\/revisions\/2772"}],"wp:attachment":[{"href":"https:\/\/www.benjamin-novalis.de\/en\/wp-json\/wp\/v2\/media?parent=594"}],"curies":[{"name":"wp","href":"https:\/\/api.w.org\/{rel}","templated":true}]}}